{"id":26,"date":"2018-12-19T20:10:08","date_gmt":"2018-12-19T20:10:08","guid":{"rendered":"https:\/\/omnicommediagroupmtl.ca\/?page_id=26"},"modified":"2025-01-31T14:07:32","modified_gmt":"2025-01-31T19:07:32","slug":"accueil","status":"publish","type":"page","link":"https:\/\/omnicommediagroupmtl.ca\/en\/","title":{"rendered":"Homepage"},"content":{"rendered":"\n<div id=\"sb_instagram\"  class=\"sbi sbi_mob_col_1 sbi_tab_col_2 sbi_col_4 sbi_width_resp\" style=\"padding-bottom: 48px;\"\t data-feedid=\"*1\"  data-res=\"auto\" data-cols=\"4\" data-colsmobile=\"1\" data-colstablet=\"2\" data-num=\"4\" data-nummobile=\"4\" data-item-padding=\"24\"\t data-shortcode-atts=\"{&quot;feed&quot;:&quot;1&quot;}\"  data-postid=\"26\" data-locatornonce=\"63c5e1488b\" data-imageaspectratio=\"1:1\" data-sbi-flags=\"favorLocal\">\n\t\n\t<div id=\"sbi_images\"  style=\"gap: 48px;\">\n\t\t<div class=\"sbi_item sbi_type_carousel sbi_new sbi_transition\"\n\tid=\"sbi_17891170974274881\" data-date=\"1752593173\">\n\t<div class=\"sbi_photo_wrap\">\n\t\t<a class=\"sbi_photo\" href=\"https:\/\/www.instagram.com\/p\/DMIibnCxEcS\/\" target=\"_blank\" rel=\"noopener nofollow\"\n\t\t\tdata-full-res=\"https:\/\/scontent-yyz1-1.cdninstagram.com\/v\/t51.82787-15\/518751776_18519187630014039_2126160271933114273_n.jpg?stp=dst-jpg_e35_tt6&#038;_nc_cat=106&#038;ccb=7-5&#038;_nc_sid=18de74&#038;efg=eyJlZmdfdGFnIjoiQ0FST1VTRUxfSVRFTS5iZXN0X2ltYWdlX3VybGdlbi5DMyJ9&#038;_nc_ohc=XPUAKuUQTL8Q7kNvwFS8kLI&#038;_nc_oc=Ado3qipjLQoU_Oq_pEsgK2RIlCxMmcTfqaQHxKoBj9zUb3yyy_GIlMwcReJlD0XSS74&#038;_nc_zt=23&#038;_nc_ht=scontent-yyz1-1.cdninstagram.com&#038;edm=ANo9K5cEAAAA&#038;_nc_gid=k0dWoSY_AA8zryqSBsx9iw&#038;_nc_tpa=Q5bMBQHGyesiOG8QZS2l9ibtoeFwq-q83-p3idvCHyz-T8S_8LrnSWz0NMfcWZBOktu5yHYcqHstbTJOqQ&#038;oh=00_Af2ElAarJNhw16F1T1iobb-pilPDTwKf5H_pWelX8Sn3bA&#038;oe=69E4450A\"\n\t\t\tdata-img-src-set=\"{&quot;d&quot;:&quot;https:\\\/\\\/scontent-yyz1-1.cdninstagram.com\\\/v\\\/t51.82787-15\\\/518751776_18519187630014039_2126160271933114273_n.jpg?stp=dst-jpg_e35_tt6&amp;_nc_cat=106&amp;ccb=7-5&amp;_nc_sid=18de74&amp;efg=eyJlZmdfdGFnIjoiQ0FST1VTRUxfSVRFTS5iZXN0X2ltYWdlX3VybGdlbi5DMyJ9&amp;_nc_ohc=XPUAKuUQTL8Q7kNvwFS8kLI&amp;_nc_oc=Ado3qipjLQoU_Oq_pEsgK2RIlCxMmcTfqaQHxKoBj9zUb3yyy_GIlMwcReJlD0XSS74&amp;_nc_zt=23&amp;_nc_ht=scontent-yyz1-1.cdninstagram.com&amp;edm=ANo9K5cEAAAA&amp;_nc_gid=k0dWoSY_AA8zryqSBsx9iw&amp;_nc_tpa=Q5bMBQHGyesiOG8QZS2l9ibtoeFwq-q83-p3idvCHyz-T8S_8LrnSWz0NMfcWZBOktu5yHYcqHstbTJOqQ&amp;oh=00_Af2ElAarJNhw16F1T1iobb-pilPDTwKf5H_pWelX8Sn3bA&amp;oe=69E4450A&quot;,&quot;150&quot;:&quot;https:\\\/\\\/scontent-yyz1-1.cdninstagram.com\\\/v\\\/t51.82787-15\\\/518751776_18519187630014039_2126160271933114273_n.jpg?stp=dst-jpg_e35_tt6&amp;_nc_cat=106&amp;ccb=7-5&amp;_nc_sid=18de74&amp;efg=eyJlZmdfdGFnIjoiQ0FST1VTRUxfSVRFTS5iZXN0X2ltYWdlX3VybGdlbi5DMyJ9&amp;_nc_ohc=XPUAKuUQTL8Q7kNvwFS8kLI&amp;_nc_oc=Ado3qipjLQoU_Oq_pEsgK2RIlCxMmcTfqaQHxKoBj9zUb3yyy_GIlMwcReJlD0XSS74&amp;_nc_zt=23&amp;_nc_ht=scontent-yyz1-1.cdninstagram.com&amp;edm=ANo9K5cEAAAA&amp;_nc_gid=k0dWoSY_AA8zryqSBsx9iw&amp;_nc_tpa=Q5bMBQHGyesiOG8QZS2l9ibtoeFwq-q83-p3idvCHyz-T8S_8LrnSWz0NMfcWZBOktu5yHYcqHstbTJOqQ&amp;oh=00_Af2ElAarJNhw16F1T1iobb-pilPDTwKf5H_pWelX8Sn3bA&amp;oe=69E4450A&quot;,&quot;320&quot;:&quot;https:\\\/\\\/scontent-yyz1-1.cdninstagram.com\\\/v\\\/t51.82787-15\\\/518751776_18519187630014039_2126160271933114273_n.jpg?stp=dst-jpg_e35_tt6&amp;_nc_cat=106&amp;ccb=7-5&amp;_nc_sid=18de74&amp;efg=eyJlZmdfdGFnIjoiQ0FST1VTRUxfSVRFTS5iZXN0X2ltYWdlX3VybGdlbi5DMyJ9&amp;_nc_ohc=XPUAKuUQTL8Q7kNvwFS8kLI&amp;_nc_oc=Ado3qipjLQoU_Oq_pEsgK2RIlCxMmcTfqaQHxKoBj9zUb3yyy_GIlMwcReJlD0XSS74&amp;_nc_zt=23&amp;_nc_ht=scontent-yyz1-1.cdninstagram.com&amp;edm=ANo9K5cEAAAA&amp;_nc_gid=k0dWoSY_AA8zryqSBsx9iw&amp;_nc_tpa=Q5bMBQHGyesiOG8QZS2l9ibtoeFwq-q83-p3idvCHyz-T8S_8LrnSWz0NMfcWZBOktu5yHYcqHstbTJOqQ&amp;oh=00_Af2ElAarJNhw16F1T1iobb-pilPDTwKf5H_pWelX8Sn3bA&amp;oe=69E4450A&quot;,&quot;640&quot;:&quot;https:\\\/\\\/scontent-yyz1-1.cdninstagram.com\\\/v\\\/t51.82787-15\\\/518751776_18519187630014039_2126160271933114273_n.jpg?stp=dst-jpg_e35_tt6&amp;_nc_cat=106&amp;ccb=7-5&amp;_nc_sid=18de74&amp;efg=eyJlZmdfdGFnIjoiQ0FST1VTRUxfSVRFTS5iZXN0X2ltYWdlX3VybGdlbi5DMyJ9&amp;_nc_ohc=XPUAKuUQTL8Q7kNvwFS8kLI&amp;_nc_oc=Ado3qipjLQoU_Oq_pEsgK2RIlCxMmcTfqaQHxKoBj9zUb3yyy_GIlMwcReJlD0XSS74&amp;_nc_zt=23&amp;_nc_ht=scontent-yyz1-1.cdninstagram.com&amp;edm=ANo9K5cEAAAA&amp;_nc_gid=k0dWoSY_AA8zryqSBsx9iw&amp;_nc_tpa=Q5bMBQHGyesiOG8QZS2l9ibtoeFwq-q83-p3idvCHyz-T8S_8LrnSWz0NMfcWZBOktu5yHYcqHstbTJOqQ&amp;oh=00_Af2ElAarJNhw16F1T1iobb-pilPDTwKf5H_pWelX8Sn3bA&amp;oe=69E4450A&quot;}\">\n\t\t\t<span class=\"sbi-screenreader\">Another one for the books \ud83c\udf3b\ud83c\udf1e\u2728<\/span>\n\t\t\t<svg class=\"svg-inline--fa fa-clone fa-w-16 sbi_lightbox_carousel_icon\" aria-hidden=\"true\" aria-label=\"Clone\" data-fa-pro\u0192cessed=\"\" data-prefix=\"far\" data-icon=\"clone\" role=\"img\" xmlns=\"http:\/\/www.w3.org\/2000\/svg\" viewBox=\"0 0 512 512\">\n                    <path fill=\"currentColor\" d=\"M464 0H144c-26.51 0-48 21.49-48 48v48H48c-26.51 0-48 21.49-48 48v320c0 26.51 21.49 48 48 48h320c26.51 0 48-21.49 48-48v-48h48c26.51 0 48-21.49 48-48V48c0-26.51-21.49-48-48-48zM362 464H54a6 6 0 0 1-6-6V150a6 6 0 0 1 6-6h42v224c0 26.51 21.49 48 48 48h224v42a6 6 0 0 1-6 6zm96-96H150a6 6 0 0 1-6-6V54a6 6 0 0 1 6-6h308a6 6 0 0 1 6 6v308a6 6 0 0 1-6 6z\"><\/path>\n                <\/svg>\t\t\t\t\t\t<img decoding=\"async\" data-src=\"https:\/\/omnicommediagroupmtl.ca\/wp-content\/plugins\/instagram-feed\/img\/placeholder.png\" alt=\"Another one for the books \ud83c\udf3b\ud83c\udf1e\u2728\" aria-hidden=\"true\" src=\"data:image\/svg+xml;base64,PHN2ZyB3aWR0aD0iMSIgaGVpZ2h0PSIxIiB4bWxucz0iaHR0cDovL3d3dy53My5vcmcvMjAwMC9zdmciPjwvc3ZnPg==\" class=\"lazyload\" style=\"--smush-placeholder-width: 1000px; --smush-placeholder-aspect-ratio: 1000\/560;\">\n\t\t<\/a>\n\t<\/div>\n<\/div><div class=\"sbi_item sbi_type_carousel sbi_new sbi_transition\"\n\tid=\"sbi_17956116596820503\" data-date=\"1750689106\">\n\t<div class=\"sbi_photo_wrap\">\n\t\t<a class=\"sbi_photo\" href=\"https:\/\/www.instagram.com\/p\/DLPytjARX_P\/\" target=\"_blank\" rel=\"noopener nofollow\"\n\t\t\tdata-full-res=\"https:\/\/scontent-yyz1-1.cdninstagram.com\/v\/t51.75761-15\/510450566_18515202277014039_6682577748783872693_n.jpg?stp=dst-jpg_e35_tt6&#038;_nc_cat=100&#038;ccb=7-5&#038;_nc_sid=18de74&#038;efg=eyJlZmdfdGFnIjoiQ0FST1VTRUxfSVRFTS5iZXN0X2ltYWdlX3VybGdlbi5DMyJ9&#038;_nc_ohc=VmF2nADGNzYQ7kNvwEsav26&#038;_nc_oc=AdplLLVZpHc-2QWDmIIzkSA42Wsid4C-c8Jxwo4MohhvMc7GaeGDhqLgFPArnr3QH0Y&#038;_nc_zt=23&#038;_nc_ht=scontent-yyz1-1.cdninstagram.com&#038;edm=ANo9K5cEAAAA&#038;_nc_gid=k0dWoSY_AA8zryqSBsx9iw&#038;_nc_tpa=Q5bMBQFKXfWXDT4BU07iTxcXZuBHVGrWERo7H-yd0WDXjOKQKlaS6h2_VHu3JDxYTt17xt3SmNAVLr7UZg&#038;oh=00_Af2pZU3YIQDZKsh1Hhkn9J9KwOjcNhWYwOL8lBF1lsQ1Ow&#038;oe=69E46342\"\n\t\t\tdata-img-src-set=\"{&quot;d&quot;:&quot;https:\\\/\\\/scontent-yyz1-1.cdninstagram.com\\\/v\\\/t51.75761-15\\\/510450566_18515202277014039_6682577748783872693_n.jpg?stp=dst-jpg_e35_tt6&amp;_nc_cat=100&amp;ccb=7-5&amp;_nc_sid=18de74&amp;efg=eyJlZmdfdGFnIjoiQ0FST1VTRUxfSVRFTS5iZXN0X2ltYWdlX3VybGdlbi5DMyJ9&amp;_nc_ohc=VmF2nADGNzYQ7kNvwEsav26&amp;_nc_oc=AdplLLVZpHc-2QWDmIIzkSA42Wsid4C-c8Jxwo4MohhvMc7GaeGDhqLgFPArnr3QH0Y&amp;_nc_zt=23&amp;_nc_ht=scontent-yyz1-1.cdninstagram.com&amp;edm=ANo9K5cEAAAA&amp;_nc_gid=k0dWoSY_AA8zryqSBsx9iw&amp;_nc_tpa=Q5bMBQFKXfWXDT4BU07iTxcXZuBHVGrWERo7H-yd0WDXjOKQKlaS6h2_VHu3JDxYTt17xt3SmNAVLr7UZg&amp;oh=00_Af2pZU3YIQDZKsh1Hhkn9J9KwOjcNhWYwOL8lBF1lsQ1Ow&amp;oe=69E46342&quot;,&quot;150&quot;:&quot;https:\\\/\\\/scontent-yyz1-1.cdninstagram.com\\\/v\\\/t51.75761-15\\\/510450566_18515202277014039_6682577748783872693_n.jpg?stp=dst-jpg_e35_tt6&amp;_nc_cat=100&amp;ccb=7-5&amp;_nc_sid=18de74&amp;efg=eyJlZmdfdGFnIjoiQ0FST1VTRUxfSVRFTS5iZXN0X2ltYWdlX3VybGdlbi5DMyJ9&amp;_nc_ohc=VmF2nADGNzYQ7kNvwEsav26&amp;_nc_oc=AdplLLVZpHc-2QWDmIIzkSA42Wsid4C-c8Jxwo4MohhvMc7GaeGDhqLgFPArnr3QH0Y&amp;_nc_zt=23&amp;_nc_ht=scontent-yyz1-1.cdninstagram.com&amp;edm=ANo9K5cEAAAA&amp;_nc_gid=k0dWoSY_AA8zryqSBsx9iw&amp;_nc_tpa=Q5bMBQFKXfWXDT4BU07iTxcXZuBHVGrWERo7H-yd0WDXjOKQKlaS6h2_VHu3JDxYTt17xt3SmNAVLr7UZg&amp;oh=00_Af2pZU3YIQDZKsh1Hhkn9J9KwOjcNhWYwOL8lBF1lsQ1Ow&amp;oe=69E46342&quot;,&quot;320&quot;:&quot;https:\\\/\\\/scontent-yyz1-1.cdninstagram.com\\\/v\\\/t51.75761-15\\\/510450566_18515202277014039_6682577748783872693_n.jpg?stp=dst-jpg_e35_tt6&amp;_nc_cat=100&amp;ccb=7-5&amp;_nc_sid=18de74&amp;efg=eyJlZmdfdGFnIjoiQ0FST1VTRUxfSVRFTS5iZXN0X2ltYWdlX3VybGdlbi5DMyJ9&amp;_nc_ohc=VmF2nADGNzYQ7kNvwEsav26&amp;_nc_oc=AdplLLVZpHc-2QWDmIIzkSA42Wsid4C-c8Jxwo4MohhvMc7GaeGDhqLgFPArnr3QH0Y&amp;_nc_zt=23&amp;_nc_ht=scontent-yyz1-1.cdninstagram.com&amp;edm=ANo9K5cEAAAA&amp;_nc_gid=k0dWoSY_AA8zryqSBsx9iw&amp;_nc_tpa=Q5bMBQFKXfWXDT4BU07iTxcXZuBHVGrWERo7H-yd0WDXjOKQKlaS6h2_VHu3JDxYTt17xt3SmNAVLr7UZg&amp;oh=00_Af2pZU3YIQDZKsh1Hhkn9J9KwOjcNhWYwOL8lBF1lsQ1Ow&amp;oe=69E46342&quot;,&quot;640&quot;:&quot;https:\\\/\\\/scontent-yyz1-1.cdninstagram.com\\\/v\\\/t51.75761-15\\\/510450566_18515202277014039_6682577748783872693_n.jpg?stp=dst-jpg_e35_tt6&amp;_nc_cat=100&amp;ccb=7-5&amp;_nc_sid=18de74&amp;efg=eyJlZmdfdGFnIjoiQ0FST1VTRUxfSVRFTS5iZXN0X2ltYWdlX3VybGdlbi5DMyJ9&amp;_nc_ohc=VmF2nADGNzYQ7kNvwEsav26&amp;_nc_oc=AdplLLVZpHc-2QWDmIIzkSA42Wsid4C-c8Jxwo4MohhvMc7GaeGDhqLgFPArnr3QH0Y&amp;_nc_zt=23&amp;_nc_ht=scontent-yyz1-1.cdninstagram.com&amp;edm=ANo9K5cEAAAA&amp;_nc_gid=k0dWoSY_AA8zryqSBsx9iw&amp;_nc_tpa=Q5bMBQFKXfWXDT4BU07iTxcXZuBHVGrWERo7H-yd0WDXjOKQKlaS6h2_VHu3JDxYTt17xt3SmNAVLr7UZg&amp;oh=00_Af2pZU3YIQDZKsh1Hhkn9J9KwOjcNhWYwOL8lBF1lsQ1Ow&amp;oe=69E46342&quot;}\">\n\t\t\t<span class=\"sbi-screenreader\">Silence, \u00e7a juge \ud83e\udd81\u2728\ud83c\udfc6<\/span>\n\t\t\t<svg class=\"svg-inline--fa fa-clone fa-w-16 sbi_lightbox_carousel_icon\" aria-hidden=\"true\" aria-label=\"Clone\" data-fa-pro\u0192cessed=\"\" data-prefix=\"far\" data-icon=\"clone\" role=\"img\" xmlns=\"http:\/\/www.w3.org\/2000\/svg\" viewBox=\"0 0 512 512\">\n                    <path fill=\"currentColor\" d=\"M464 0H144c-26.51 0-48 21.49-48 48v48H48c-26.51 0-48 21.49-48 48v320c0 26.51 21.49 48 48 48h320c26.51 0 48-21.49 48-48v-48h48c26.51 0 48-21.49 48-48V48c0-26.51-21.49-48-48-48zM362 464H54a6 6 0 0 1-6-6V150a6 6 0 0 1 6-6h42v224c0 26.51 21.49 48 48 48h224v42a6 6 0 0 1-6 6zm96-96H150a6 6 0 0 1-6-6V54a6 6 0 0 1 6-6h308a6 6 0 0 1 6 6v308a6 6 0 0 1-6 6z\"><\/path>\n                <\/svg>\t\t\t\t\t\t<img decoding=\"async\" data-src=\"https:\/\/omnicommediagroupmtl.ca\/wp-content\/plugins\/instagram-feed\/img\/placeholder.png\" alt=\"Silence, \u00e7a juge \ud83e\udd81\u2728\ud83c\udfc6\" aria-hidden=\"true\" src=\"data:image\/svg+xml;base64,PHN2ZyB3aWR0aD0iMSIgaGVpZ2h0PSIxIiB4bWxucz0iaHR0cDovL3d3dy53My5vcmcvMjAwMC9zdmciPjwvc3ZnPg==\" class=\"lazyload\" style=\"--smush-placeholder-width: 1000px; --smush-placeholder-aspect-ratio: 1000\/560;\">\n\t\t<\/a>\n\t<\/div>\n<\/div><div class=\"sbi_item sbi_type_carousel sbi_new sbi_transition\"\n\tid=\"sbi_17969232902873934\" data-date=\"1750361093\">\n\t<div class=\"sbi_photo_wrap\">\n\t\t<a class=\"sbi_photo\" href=\"https:\/\/www.instagram.com\/p\/DLGBE6gRirG\/\" target=\"_blank\" rel=\"noopener nofollow\"\n\t\t\tdata-full-res=\"https:\/\/scontent-yyz1-1.cdninstagram.com\/v\/t51.75761-15\/509767485_18514507222014039_6954914543426253979_n.jpg?stp=dst-jpg_e35_tt6&#038;_nc_cat=108&#038;ccb=7-5&#038;_nc_sid=18de74&#038;efg=eyJlZmdfdGFnIjoiQ0FST1VTRUxfSVRFTS5iZXN0X2ltYWdlX3VybGdlbi5DMyJ9&#038;_nc_ohc=1u_DerYsPHkQ7kNvwEWQ24K&#038;_nc_oc=AdqHhrvoKNsojlCAxHe_5NBZ9mG7LPm5lX9WNdOF4YD2HVEm_Nf8W7sdsg39UD7vFwk&#038;_nc_zt=23&#038;_nc_ht=scontent-yyz1-1.cdninstagram.com&#038;edm=ANo9K5cEAAAA&#038;_nc_gid=k0dWoSY_AA8zryqSBsx9iw&#038;_nc_tpa=Q5bMBQFjAGes9CZsxKGbTgtnbFKzgZ_bmt5pltwzuyAm753xoSWfAohT-6gliy8yfAiH5AevbBTP9ma1EQ&#038;oh=00_Af3bu5LTO3YEuCTPeHeKqMadvCndHKffZRJtvFp34XF5Hg&#038;oe=69E44E43\"\n\t\t\tdata-img-src-set=\"{&quot;d&quot;:&quot;https:\\\/\\\/scontent-yyz1-1.cdninstagram.com\\\/v\\\/t51.75761-15\\\/509767485_18514507222014039_6954914543426253979_n.jpg?stp=dst-jpg_e35_tt6&amp;_nc_cat=108&amp;ccb=7-5&amp;_nc_sid=18de74&amp;efg=eyJlZmdfdGFnIjoiQ0FST1VTRUxfSVRFTS5iZXN0X2ltYWdlX3VybGdlbi5DMyJ9&amp;_nc_ohc=1u_DerYsPHkQ7kNvwEWQ24K&amp;_nc_oc=AdqHhrvoKNsojlCAxHe_5NBZ9mG7LPm5lX9WNdOF4YD2HVEm_Nf8W7sdsg39UD7vFwk&amp;_nc_zt=23&amp;_nc_ht=scontent-yyz1-1.cdninstagram.com&amp;edm=ANo9K5cEAAAA&amp;_nc_gid=k0dWoSY_AA8zryqSBsx9iw&amp;_nc_tpa=Q5bMBQFjAGes9CZsxKGbTgtnbFKzgZ_bmt5pltwzuyAm753xoSWfAohT-6gliy8yfAiH5AevbBTP9ma1EQ&amp;oh=00_Af3bu5LTO3YEuCTPeHeKqMadvCndHKffZRJtvFp34XF5Hg&amp;oe=69E44E43&quot;,&quot;150&quot;:&quot;https:\\\/\\\/scontent-yyz1-1.cdninstagram.com\\\/v\\\/t51.75761-15\\\/509767485_18514507222014039_6954914543426253979_n.jpg?stp=dst-jpg_e35_tt6&amp;_nc_cat=108&amp;ccb=7-5&amp;_nc_sid=18de74&amp;efg=eyJlZmdfdGFnIjoiQ0FST1VTRUxfSVRFTS5iZXN0X2ltYWdlX3VybGdlbi5DMyJ9&amp;_nc_ohc=1u_DerYsPHkQ7kNvwEWQ24K&amp;_nc_oc=AdqHhrvoKNsojlCAxHe_5NBZ9mG7LPm5lX9WNdOF4YD2HVEm_Nf8W7sdsg39UD7vFwk&amp;_nc_zt=23&amp;_nc_ht=scontent-yyz1-1.cdninstagram.com&amp;edm=ANo9K5cEAAAA&amp;_nc_gid=k0dWoSY_AA8zryqSBsx9iw&amp;_nc_tpa=Q5bMBQFjAGes9CZsxKGbTgtnbFKzgZ_bmt5pltwzuyAm753xoSWfAohT-6gliy8yfAiH5AevbBTP9ma1EQ&amp;oh=00_Af3bu5LTO3YEuCTPeHeKqMadvCndHKffZRJtvFp34XF5Hg&amp;oe=69E44E43&quot;,&quot;320&quot;:&quot;https:\\\/\\\/scontent-yyz1-1.cdninstagram.com\\\/v\\\/t51.75761-15\\\/509767485_18514507222014039_6954914543426253979_n.jpg?stp=dst-jpg_e35_tt6&amp;_nc_cat=108&amp;ccb=7-5&amp;_nc_sid=18de74&amp;efg=eyJlZmdfdGFnIjoiQ0FST1VTRUxfSVRFTS5iZXN0X2ltYWdlX3VybGdlbi5DMyJ9&amp;_nc_ohc=1u_DerYsPHkQ7kNvwEWQ24K&amp;_nc_oc=AdqHhrvoKNsojlCAxHe_5NBZ9mG7LPm5lX9WNdOF4YD2HVEm_Nf8W7sdsg39UD7vFwk&amp;_nc_zt=23&amp;_nc_ht=scontent-yyz1-1.cdninstagram.com&amp;edm=ANo9K5cEAAAA&amp;_nc_gid=k0dWoSY_AA8zryqSBsx9iw&amp;_nc_tpa=Q5bMBQFjAGes9CZsxKGbTgtnbFKzgZ_bmt5pltwzuyAm753xoSWfAohT-6gliy8yfAiH5AevbBTP9ma1EQ&amp;oh=00_Af3bu5LTO3YEuCTPeHeKqMadvCndHKffZRJtvFp34XF5Hg&amp;oe=69E44E43&quot;,&quot;640&quot;:&quot;https:\\\/\\\/scontent-yyz1-1.cdninstagram.com\\\/v\\\/t51.75761-15\\\/509767485_18514507222014039_6954914543426253979_n.jpg?stp=dst-jpg_e35_tt6&amp;_nc_cat=108&amp;ccb=7-5&amp;_nc_sid=18de74&amp;efg=eyJlZmdfdGFnIjoiQ0FST1VTRUxfSVRFTS5iZXN0X2ltYWdlX3VybGdlbi5DMyJ9&amp;_nc_ohc=1u_DerYsPHkQ7kNvwEWQ24K&amp;_nc_oc=AdqHhrvoKNsojlCAxHe_5NBZ9mG7LPm5lX9WNdOF4YD2HVEm_Nf8W7sdsg39UD7vFwk&amp;_nc_zt=23&amp;_nc_ht=scontent-yyz1-1.cdninstagram.com&amp;edm=ANo9K5cEAAAA&amp;_nc_gid=k0dWoSY_AA8zryqSBsx9iw&amp;_nc_tpa=Q5bMBQFjAGes9CZsxKGbTgtnbFKzgZ_bmt5pltwzuyAm753xoSWfAohT-6gliy8yfAiH5AevbBTP9ma1EQ&amp;oh=00_Af3bu5LTO3YEuCTPeHeKqMadvCndHKffZRJtvFp34XF5Hg&amp;oe=69E44E43&quot;}\">\n\t\t\t<span class=\"sbi-screenreader\">\ud83d\udc90 Apr\u00e8s plus de 10 ans avec nous, Wendy, pilier de<\/span>\n\t\t\t<svg class=\"svg-inline--fa fa-clone fa-w-16 sbi_lightbox_carousel_icon\" aria-hidden=\"true\" aria-label=\"Clone\" data-fa-pro\u0192cessed=\"\" data-prefix=\"far\" data-icon=\"clone\" role=\"img\" xmlns=\"http:\/\/www.w3.org\/2000\/svg\" viewBox=\"0 0 512 512\">\n                    <path fill=\"currentColor\" d=\"M464 0H144c-26.51 0-48 21.49-48 48v48H48c-26.51 0-48 21.49-48 48v320c0 26.51 21.49 48 48 48h320c26.51 0 48-21.49 48-48v-48h48c26.51 0 48-21.49 48-48V48c0-26.51-21.49-48-48-48zM362 464H54a6 6 0 0 1-6-6V150a6 6 0 0 1 6-6h42v224c0 26.51 21.49 48 48 48h224v42a6 6 0 0 1-6 6zm96-96H150a6 6 0 0 1-6-6V54a6 6 0 0 1 6-6h308a6 6 0 0 1 6 6v308a6 6 0 0 1-6 6z\"><\/path>\n                <\/svg>\t\t\t\t\t\t<img decoding=\"async\" data-src=\"https:\/\/omnicommediagroupmtl.ca\/wp-content\/plugins\/instagram-feed\/img\/placeholder.png\" alt=\"\ud83d\udc90 Apr\u00e8s plus de 10 ans avec nous, Wendy, pilier de notre \u00e9quipe broadcast, part pour une retraite bien m\u00e9rit\u00e9e. Merci pour ton expertise, ton humour et ton soutien ind\u00e9fectible - tu vas nous manquer!\" aria-hidden=\"true\" src=\"data:image\/svg+xml;base64,PHN2ZyB3aWR0aD0iMSIgaGVpZ2h0PSIxIiB4bWxucz0iaHR0cDovL3d3dy53My5vcmcvMjAwMC9zdmciPjwvc3ZnPg==\" class=\"lazyload\" style=\"--smush-placeholder-width: 1000px; --smush-placeholder-aspect-ratio: 1000\/560;\">\n\t\t<\/a>\n\t<\/div>\n<\/div><div class=\"sbi_item sbi_type_carousel sbi_new sbi_transition\"\n\tid=\"sbi_18035410517337136\" data-date=\"1746561752\">\n\t<div class=\"sbi_photo_wrap\">\n\t\t<a class=\"sbi_photo\" href=\"https:\/\/www.instagram.com\/p\/DJUyaJbRUMU\/\" target=\"_blank\" rel=\"noopener nofollow\"\n\t\t\tdata-full-res=\"https:\/\/scontent-yyz1-1.cdninstagram.com\/v\/t51.75761-15\/496219157_18505890586014039_4024620044549997451_n.jpg?stp=dst-jpg_e35_tt6&#038;_nc_cat=110&#038;ccb=7-5&#038;_nc_sid=18de74&#038;efg=eyJlZmdfdGFnIjoiQ0FST1VTRUxfSVRFTS5iZXN0X2ltYWdlX3VybGdlbi5DMyJ9&#038;_nc_ohc=AFWtohDNy84Q7kNvwFPHKnO&#038;_nc_oc=AdqzUreLWoE9ED5eYBNkVParL_4v1E9cWnEzmLfvlqE9QTqgR-G-Sf7_A4A0CbXQuG8&#038;_nc_zt=23&#038;_nc_ht=scontent-yyz1-1.cdninstagram.com&#038;edm=ANo9K5cEAAAA&#038;_nc_gid=k0dWoSY_AA8zryqSBsx9iw&#038;_nc_tpa=Q5bMBQHDZgbmzfJI8AhKIxXog7FC5bmYEIh1PSGYJpzfMKoCJI5tA0TJj1lHB7Mez_dPHiG6v9pyM_vwUg&#038;oh=00_Af0J6KU-7MvVDepSMi9Nnb5f_amEQiXtDi6Tbs8n2WQikw&#038;oe=69E45653\"\n\t\t\tdata-img-src-set=\"{&quot;d&quot;:&quot;https:\\\/\\\/scontent-yyz1-1.cdninstagram.com\\\/v\\\/t51.75761-15\\\/496219157_18505890586014039_4024620044549997451_n.jpg?stp=dst-jpg_e35_tt6&amp;_nc_cat=110&amp;ccb=7-5&amp;_nc_sid=18de74&amp;efg=eyJlZmdfdGFnIjoiQ0FST1VTRUxfSVRFTS5iZXN0X2ltYWdlX3VybGdlbi5DMyJ9&amp;_nc_ohc=AFWtohDNy84Q7kNvwFPHKnO&amp;_nc_oc=AdqzUreLWoE9ED5eYBNkVParL_4v1E9cWnEzmLfvlqE9QTqgR-G-Sf7_A4A0CbXQuG8&amp;_nc_zt=23&amp;_nc_ht=scontent-yyz1-1.cdninstagram.com&amp;edm=ANo9K5cEAAAA&amp;_nc_gid=k0dWoSY_AA8zryqSBsx9iw&amp;_nc_tpa=Q5bMBQHDZgbmzfJI8AhKIxXog7FC5bmYEIh1PSGYJpzfMKoCJI5tA0TJj1lHB7Mez_dPHiG6v9pyM_vwUg&amp;oh=00_Af0J6KU-7MvVDepSMi9Nnb5f_amEQiXtDi6Tbs8n2WQikw&amp;oe=69E45653&quot;,&quot;150&quot;:&quot;https:\\\/\\\/scontent-yyz1-1.cdninstagram.com\\\/v\\\/t51.75761-15\\\/496219157_18505890586014039_4024620044549997451_n.jpg?stp=dst-jpg_e35_tt6&amp;_nc_cat=110&amp;ccb=7-5&amp;_nc_sid=18de74&amp;efg=eyJlZmdfdGFnIjoiQ0FST1VTRUxfSVRFTS5iZXN0X2ltYWdlX3VybGdlbi5DMyJ9&amp;_nc_ohc=AFWtohDNy84Q7kNvwFPHKnO&amp;_nc_oc=AdqzUreLWoE9ED5eYBNkVParL_4v1E9cWnEzmLfvlqE9QTqgR-G-Sf7_A4A0CbXQuG8&amp;_nc_zt=23&amp;_nc_ht=scontent-yyz1-1.cdninstagram.com&amp;edm=ANo9K5cEAAAA&amp;_nc_gid=k0dWoSY_AA8zryqSBsx9iw&amp;_nc_tpa=Q5bMBQHDZgbmzfJI8AhKIxXog7FC5bmYEIh1PSGYJpzfMKoCJI5tA0TJj1lHB7Mez_dPHiG6v9pyM_vwUg&amp;oh=00_Af0J6KU-7MvVDepSMi9Nnb5f_amEQiXtDi6Tbs8n2WQikw&amp;oe=69E45653&quot;,&quot;320&quot;:&quot;https:\\\/\\\/scontent-yyz1-1.cdninstagram.com\\\/v\\\/t51.75761-15\\\/496219157_18505890586014039_4024620044549997451_n.jpg?stp=dst-jpg_e35_tt6&amp;_nc_cat=110&amp;ccb=7-5&amp;_nc_sid=18de74&amp;efg=eyJlZmdfdGFnIjoiQ0FST1VTRUxfSVRFTS5iZXN0X2ltYWdlX3VybGdlbi5DMyJ9&amp;_nc_ohc=AFWtohDNy84Q7kNvwFPHKnO&amp;_nc_oc=AdqzUreLWoE9ED5eYBNkVParL_4v1E9cWnEzmLfvlqE9QTqgR-G-Sf7_A4A0CbXQuG8&amp;_nc_zt=23&amp;_nc_ht=scontent-yyz1-1.cdninstagram.com&amp;edm=ANo9K5cEAAAA&amp;_nc_gid=k0dWoSY_AA8zryqSBsx9iw&amp;_nc_tpa=Q5bMBQHDZgbmzfJI8AhKIxXog7FC5bmYEIh1PSGYJpzfMKoCJI5tA0TJj1lHB7Mez_dPHiG6v9pyM_vwUg&amp;oh=00_Af0J6KU-7MvVDepSMi9Nnb5f_amEQiXtDi6Tbs8n2WQikw&amp;oe=69E45653&quot;,&quot;640&quot;:&quot;https:\\\/\\\/scontent-yyz1-1.cdninstagram.com\\\/v\\\/t51.75761-15\\\/496219157_18505890586014039_4024620044549997451_n.jpg?stp=dst-jpg_e35_tt6&amp;_nc_cat=110&amp;ccb=7-5&amp;_nc_sid=18de74&amp;efg=eyJlZmdfdGFnIjoiQ0FST1VTRUxfSVRFTS5iZXN0X2ltYWdlX3VybGdlbi5DMyJ9&amp;_nc_ohc=AFWtohDNy84Q7kNvwFPHKnO&amp;_nc_oc=AdqzUreLWoE9ED5eYBNkVParL_4v1E9cWnEzmLfvlqE9QTqgR-G-Sf7_A4A0CbXQuG8&amp;_nc_zt=23&amp;_nc_ht=scontent-yyz1-1.cdninstagram.com&amp;edm=ANo9K5cEAAAA&amp;_nc_gid=k0dWoSY_AA8zryqSBsx9iw&amp;_nc_tpa=Q5bMBQHDZgbmzfJI8AhKIxXog7FC5bmYEIh1PSGYJpzfMKoCJI5tA0TJj1lHB7Mez_dPHiG6v9pyM_vwUg&amp;oh=00_Af0J6KU-7MvVDepSMi9Nnb5f_amEQiXtDi6Tbs8n2WQikw&amp;oe=69E45653&quot;}\">\n\t\t\t<span class=\"sbi-screenreader\">\ud83d\uddd3\ufe0f\ud83c\udf2d La Journ\u00e9e officielle du steam\u00e9, on prend \u00e7a t<\/span>\n\t\t\t<svg class=\"svg-inline--fa fa-clone fa-w-16 sbi_lightbox_carousel_icon\" aria-hidden=\"true\" aria-label=\"Clone\" data-fa-pro\u0192cessed=\"\" data-prefix=\"far\" data-icon=\"clone\" role=\"img\" xmlns=\"http:\/\/www.w3.org\/2000\/svg\" viewBox=\"0 0 512 512\">\n                    <path fill=\"currentColor\" d=\"M464 0H144c-26.51 0-48 21.49-48 48v48H48c-26.51 0-48 21.49-48 48v320c0 26.51 21.49 48 48 48h320c26.51 0 48-21.49 48-48v-48h48c26.51 0 48-21.49 48-48V48c0-26.51-21.49-48-48-48zM362 464H54a6 6 0 0 1-6-6V150a6 6 0 0 1 6-6h42v224c0 26.51 21.49 48 48 48h224v42a6 6 0 0 1-6 6zm96-96H150a6 6 0 0 1-6-6V54a6 6 0 0 1 6-6h308a6 6 0 0 1 6 6v308a6 6 0 0 1-6 6z\"><\/path>\n                <\/svg>\t\t\t\t\t\t<img decoding=\"async\" data-src=\"https:\/\/omnicommediagroupmtl.ca\/wp-content\/plugins\/instagram-feed\/img\/placeholder.png\" alt=\"\ud83d\uddd3\ufe0f\ud83c\udf2d La Journ\u00e9e officielle du steam\u00e9, on prend \u00e7a tr\u00e8s au s\u00e9rieux! Merci \u00e0 notre client @olymel_ca \ud83e\udd29\" aria-hidden=\"true\" src=\"data:image\/svg+xml;base64,PHN2ZyB3aWR0aD0iMSIgaGVpZ2h0PSIxIiB4bWxucz0iaHR0cDovL3d3dy53My5vcmcvMjAwMC9zdmciPjwvc3ZnPg==\" class=\"lazyload\" style=\"--smush-placeholder-width: 1000px; --smush-placeholder-aspect-ratio: 1000\/560;\">\n\t\t<\/a>\n\t<\/div>\n<\/div>\t<\/div>\n\n\t<div id=\"sbi_load\" >\n\n\t\n\t\n<\/div>\n\t\t<span class=\"sbi_resized_image_data\" data-feed-id=\"*1\"\n\t\t  data-resized=\"{&quot;17891170974274881&quot;:{&quot;id&quot;:&quot;518751776_18519187630014039_2126160271933114273_n&quot;,&quot;ratio&quot;:&quot;1.50&quot;,&quot;sizes&quot;:{&quot;full&quot;:640,&quot;low&quot;:320,&quot;thumb&quot;:150},&quot;extension&quot;:&quot;.webp&quot;},&quot;17956116596820503&quot;:{&quot;id&quot;:&quot;510450566_18515202277014039_6682577748783872693_n&quot;,&quot;ratio&quot;:&quot;0.84&quot;,&quot;sizes&quot;:{&quot;full&quot;:640,&quot;low&quot;:320,&quot;thumb&quot;:150},&quot;extension&quot;:&quot;.webp&quot;},&quot;17969232902873934&quot;:{&quot;id&quot;:&quot;509767485_18514507222014039_6954914543426253979_n&quot;,&quot;ratio&quot;:&quot;1.15&quot;,&quot;sizes&quot;:{&quot;full&quot;:640,&quot;low&quot;:320,&quot;thumb&quot;:150},&quot;extension&quot;:&quot;.webp&quot;},&quot;18035410517337136&quot;:{&quot;id&quot;:&quot;496219157_18505890586014039_4024620044549997451_n&quot;,&quot;ratio&quot;:&quot;1.00&quot;,&quot;sizes&quot;:{&quot;full&quot;:640,&quot;low&quot;:320,&quot;thumb&quot;:150},&quot;extension&quot;:&quot;.webp&quot;}}\">\n\t<\/span>\n\t<\/div>\n\n\n","protected":false},"excerpt":{"rendered":"","protected":false},"author":1,"featured_media":0,"parent":0,"menu_order":0,"comment_status":"closed","ping_status":"closed","template":"","meta":{"_acf_changed":false,"footnotes":""},"class_list":["post-26","page","type-page","status-publish","hentry"],"acf":[],"_links":{"self":[{"href":"https:\/\/omnicommediagroupmtl.ca\/en\/wp-json\/wp\/v2\/pages\/26","targetHints":{"allow":["GET"]}}],"collection":[{"href":"https:\/\/omnicommediagroupmtl.ca\/en\/wp-json\/wp\/v2\/pages"}],"about":[{"href":"https:\/\/omnicommediagroupmtl.ca\/en\/wp-json\/wp\/v2\/types\/page"}],"author":[{"embeddable":true,"href":"https:\/\/omnicommediagroupmtl.ca\/en\/wp-json\/wp\/v2\/users\/1"}],"replies":[{"embeddable":true,"href":"https:\/\/omnicommediagroupmtl.ca\/en\/wp-json\/wp\/v2\/comments?post=26"}],"version-history":[{"count":0,"href":"https:\/\/omnicommediagroupmtl.ca\/en\/wp-json\/wp\/v2\/pages\/26\/revisions"}],"wp:attachment":[{"href":"https:\/\/omnicommediagroupmtl.ca\/en\/wp-json\/wp\/v2\/media?parent=26"}],"curies":[{"name":"wp","href":"https:\/\/api.w.org\/{rel}","templated":true}]}}